{"id":2,"date":"2015-07-24T09:29:41","date_gmt":"2015-07-24T09:29:41","guid":{"rendered":"http:\/\/localhost\/wordpress\/?page_id=2"},"modified":"2026-01-12T08:16:49","modified_gmt":"2026-01-12T08:16:49","slug":"primjer-stranice","status":"publish","type":"page","link":"https:\/\/www.slijepi.hr\/?page_id=2","title":{"rendered":"O udruzi"},"content":{"rendered":"<p style=\"text-align: justify;\">Udruga slijepih Grada Po\u017eege i Po\u017ee\u0161ko-slavonske \u017eupanije je osnovana prije 70 godina, davne 1954. godine u mjesecu travnju. Od tada Udruga djeluje na ovome prostoru bez prekida skrbe\u0107i se o slijepima i za slijepe. \u010clanica je Hrvatskog saveza slijepih i njena osnovna djelatnost i program rada naslonjene su i uskla\u0111ene sa Statutom i Programom Saveza.<\/p>\n<p style=\"text-align: justify;\">\u010clanstvo Udruge \u010dine:<\/p>\n<ul style=\"text-align: justify;\">\n<li>redovni \u00a0\u010dlanovi &#8211; \u010dlanovi koji udovoljavaju Postavkama me\u0111unarodne definicije sljepo\u0107e,<\/li>\n<li>nominalni \u00a0\u2013 koji nemaju radnu sposobnost,<\/li>\n<li>pridru\u017eeni \u010dlanovi \u00a0&#8211; to su fizi\u010dke osobe i osobe o\u0161te\u0107ena vida koje ne udovoljavaju postavkama me\u0111unarodne definicije sljepo\u0107e, a voljne su \u00a0svojim radom ili materijalnim sredstvima pridonijeti radu Udruge i prihvatiti prava i obveze iz Statuta Udruge;<\/li>\n<li>po\u010dasni \u010dlanovi \u2013 su osobe koje su izuzetno zaslu\u017ene za rad Udruge i imenuje ih Skup\u0161tina na prigodnim obljetnicama.<\/li>\n<\/ul>\n<p style=\"text-align: justify;\">Udruga je kroz ove godine izrasla u prepoznatljivu organizaciju za pomo\u0107 slijepim osobama i osobama o\u0161te\u0107ena vida.<br \/>\nShodno ovome \u00a0Udruga je pokrenula i realizirala uz sufinanciranje Ministarstava, \u00a0lokalne zajednice, donatora i partnera niz aktivnosti, projekata i programa. Sve navedeno usmjereno je u integraciju i reintegraciju slijepih, slabovidnih i kasnije oslijepljelih osoba u dru\u0161tvenu zajednicu \u00a0i svakodnevni \u017eivot.<br \/>\nNaro\u010dita pozornost usmjerava se na mlade i mla\u0111e osobe, na njihovu edukaciju, informiranost, stru\u010dnu izobrazbu i organizirano provo\u0111enje slobodnog vremena.<\/p>\n<p style=\"text-align: justify;\">Prostor Udruge na raspolaganju je na\u0161im \u010dlanovima \u00a0svakodnevno, pojedina\u010dno, grupno ili u sklopu organiziranih mjese\u010dnih i tjednih dru\u017eenja, Sve kulturne, zabavne, \u0161portsko rekreacijske aktivnosti, kao edukativne i druge radionice provode se uz asistenciju djelatnika Udruge i volontera.<br \/>\nUdruga skrbi i nadalje \u0107e skrbiti i potpomagati svoje \u010dlanove slabijeg imovinskog stanja proslje\u0111ivanjem pristiglih donacija \u00a0u razli\u010ditim artiklima ili prigodnih nov\u010danih donacija, te pru\u017eati sveobuhvatnu pomo\u0107 u ostvarenju Zakonom odre\u0111enih \u00a0 prava osoba s invaliditetom kod\u00a0 Ministarstva zdravlja, Ministarstva socijalne politike i mladih, HZZO-a, H\u017d-a, HRT-a, T-com-a, lokalne uprave i samoupravi i sl.<br \/>\nZa svoje \u010dlanove Udruga slijepih PS\u017d organizira tijekom godine izlete u prirodu u bli\u017eu okolicu, ali i u druge krajeve Lijepe na\u0161e.<\/p>\n<p style=\"text-align: justify;\">Obzirom da udruga djeluje u ruralnoj sredini u kojoj javni prijevoz slabo pokriva podru\u010dje i skup je za na\u0161e \u010dlanove, udruzi i njenim \u010dlanovima bi bilo od velike pomo\u0107i posjedovanje adekvatnog prijevoznog sredstva poput kombi vozila. Na taj na\u010din ve\u0107i broj \u010dlanova bi mogao prisustvovati na edukacijama, radionicama i dru\u017eenjima \u0161to bi u velikoj mjeri doprinijelo smanjivanju njihove socijalne isklju\u010denosti.<\/p>\n","protected":false},"excerpt":{"rendered":"<p>Udruga slijepih Grada Po\u017eege i Po\u017ee\u0161ko-slavonske \u017eupanije je osnovana prije 70 godina, davne 1954. godine u mjesecu travnju. Od tada Udruga djeluje na ovome prostoru bez prekida skrbe\u0107i se o slijepima i za slijepe. \u010clanica je Hrvatskog saveza slijepih i njena osnovna djelatnost i program rada naslonjene su i uskla\u0111ene sa Statutom i Programom Saveza. &hellip; <a href=\"https:\/\/www.slijepi.hr\/?page_id=2\" class=\"more-link\">Nastavi \u010ditati <span class=\"screen-reader-text\">O udruzi<\/span> <span class=\"meta-nav\">&rarr;<\/span><\/a><\/p>\n","protected":false},"author":1,"featured_media":0,"parent":0,"menu_order":0,"comment_status":"closed","ping_status":"closed","template":"","meta":{"footnotes":""},"class_list":["post-2","page","type-page","status-publish","hentry"],"_links":{"self":[{"href":"https:\/\/www.slijepi.hr\/index.php?rest_route=\/wp\/v2\/pages\/2","targetHints":{"allow":["GET"]}}],"collection":[{"href":"https:\/\/www.slijepi.hr\/index.php?rest_route=\/wp\/v2\/pages"}],"about":[{"href":"https:\/\/www.slijepi.hr\/index.php?rest_route=\/wp\/v2\/types\/page"}],"author":[{"embeddable":true,"href":"https:\/\/www.slijepi.hr\/index.php?rest_route=\/wp\/v2\/users\/1"}],"replies":[{"embeddable":true,"href":"https:\/\/www.slijepi.hr\/index.php?rest_route=%2Fwp%2Fv2%2Fcomments&post=2"}],"version-history":[{"count":9,"href":"https:\/\/www.slijepi.hr\/index.php?rest_route=\/wp\/v2\/pages\/2\/revisions"}],"predecessor-version":[{"id":2836,"href":"https:\/\/www.slijepi.hr\/index.php?rest_route=\/wp\/v2\/pages\/2\/revisions\/2836"}],"wp:attachment":[{"href":"https:\/\/www.slijepi.hr\/index.php?rest_route=%2Fwp%2Fv2%2Fmedia&parent=2"}],"curies":[{"name":"wp","href":"https:\/\/api.w.org\/{rel}","templated":true}]}}