{"id":35,"date":"2015-07-28T12:00:08","date_gmt":"2015-07-28T12:00:08","guid":{"rendered":"http:\/\/localhost\/wordpress\/?page_id=35"},"modified":"2026-01-12T08:15:11","modified_gmt":"2026-01-12T08:15:11","slug":"kontakt","status":"publish","type":"page","link":"https:\/\/www.slijepi.hr\/?page_id=35","title":{"rendered":"Kontakt"},"content":{"rendered":"<hr \/>\n<p><strong>Adresa:<\/strong><\/p>\n<p>Udruga slijepih Grada Po\u017eege i Po\u017ee\u0161ko &#8211; slavonske \u017eupanije<\/p>\n<p>Matije Gupca 6<\/p>\n<p>34000 Po\u017eega<\/p>\n<hr \/>\n<p><strong>Telefon \/ fax<\/strong>:\u00a0\u00a0\u00a0\u00a0 034 273 457<\/p>\n<p><strong>E &#8211; po\u0161ta:<\/strong>\u00a0\u00a0\u00a0\u00a0 udruga.slijepih.55@gmail.com<\/p>\n<hr \/>\n<p><strong>Predsjednik Udruge:<\/strong><\/p>\n<p>Goran Grgi\u0107<\/p>\n<p><strong>Zaposlenici:<\/strong><\/p>\n<ul>\n<li>Ivana \u0160tefanac<\/li>\n<li>Mirko Perkovi\u0107<\/li>\n<li>Ana Luli\u0107<\/li>\n<li>Magdalena \u0110ebri\u0107<\/li>\n<\/ul>\n<hr \/>\n<p><strong>MB:<\/strong>\u00a0 \u00a0 0980340<\/p>\n<p><strong>OIB:<\/strong>\u00a0\u00a0\u00a0\u00a0 84415889305<\/p>\n<p><strong>RNO:<\/strong>\u00a0\u00a0\u00a0\u00a0 0006947<\/p>\n<hr \/>\n<p><strong>Broj ra\u010duna: <\/strong><\/p>\n<p>IBAN HR6623860021130011446<\/p>\n<p>Otvoren kod &#8220;Podravska banka d.d.&#8221;<\/p>\n<hr \/>\n<div id=\"wpgmza_map\" data-settings='{\"id\":\"1\",\"map_title\":\"Po\\u017eega\",\"map_width\":\"100\",\"map_height\":\"400\",\"map_start_lat\":\"45.331103\",\"map_start_lng\":\"17.674464\",\"map_start_location\":\"45.3311025,17.674463999999944\",\"map_start_zoom\":\"18\",\"default_marker\":\"0\",\"type\":\"1\",\"alignment\":\"1\",\"directions_enabled\":\"1\",\"styling_enabled\":\"0\",\"styling_json\":\"\",\"active\":\"0\",\"kml\":\"\",\"bicycle\":\"2\",\"traffic\":\"2\",\"dbox\":\"1\",\"dbox_width\":\"250\",\"listmarkers\":\"0\",\"listmarkers_advanced\":\"0\",\"filterbycat\":\"0\",\"ugm_enabled\":\"0\",\"ugm_category_enabled\":\"0\",\"fusion\":\"\",\"map_width_type\":\"\\\\%\",\"map_height_type\":\"px\",\"mass_marker_support\":\"1\",\"ugm_access\":\"0\",\"order_markers_by\":\"1\",\"order_markers_choice\":\"2\",\"show_user_location\":\"0\",\"default_to\":\"\",\"other_settings\":{\"store_locator_enabled\":2,\"store_locator_distance\":2,\"store_locator_bounce\":1,\"store_locator_query_string\":\"ZIP \\\/ Address:\",\"wpgmza_store_locator_restrict\":\"\",\"map_max_zoom\":\"1\",\"transport_layer\":2}}' data-shortcode-attributes='{\"id\":\"1\"}' style=\"display:block; overflow:auto; width:100%; height:400px; float:left;\"><\/div>\n","protected":false},"excerpt":{"rendered":"<p>Adresa: Udruga slijepih Grada Po\u017eege i Po\u017ee\u0161ko &#8211; slavonske \u017eupanije Matije Gupca 6 34000 Po\u017eega Telefon \/ fax:\u00a0\u00a0\u00a0\u00a0 034 273 457 E &#8211; po\u0161ta:\u00a0\u00a0\u00a0\u00a0 udruga.slijepih.55@gmail.com Predsjednik Udruge: Goran Grgi\u0107 Zaposlenici: Ivana \u0160tefanac Mirko Perkovi\u0107 Ana Luli\u0107 Magdalena \u0110ebri\u0107 MB:\u00a0 \u00a0 0980340 OIB:\u00a0\u00a0\u00a0\u00a0 84415889305 RNO:\u00a0\u00a0\u00a0\u00a0 0006947 Broj ra\u010duna: IBAN HR6623860021130011446 Otvoren kod &#8220;Podravska banka d.d.&#8221;<\/p>\n","protected":false},"author":1,"featured_media":0,"parent":0,"menu_order":0,"comment_status":"closed","ping_status":"closed","template":"","meta":{"footnotes":""},"class_list":["post-35","page","type-page","status-publish","hentry"],"_links":{"self":[{"href":"https:\/\/www.slijepi.hr\/index.php?rest_route=\/wp\/v2\/pages\/35","targetHints":{"allow":["GET"]}}],"collection":[{"href":"https:\/\/www.slijepi.hr\/index.php?rest_route=\/wp\/v2\/pages"}],"about":[{"href":"https:\/\/www.slijepi.hr\/index.php?rest_route=\/wp\/v2\/types\/page"}],"author":[{"embeddable":true,"href":"https:\/\/www.slijepi.hr\/index.php?rest_route=\/wp\/v2\/users\/1"}],"replies":[{"embeddable":true,"href":"https:\/\/www.slijepi.hr\/index.php?rest_route=%2Fwp%2Fv2%2Fcomments&post=35"}],"version-history":[{"count":25,"href":"https:\/\/www.slijepi.hr\/index.php?rest_route=\/wp\/v2\/pages\/35\/revisions"}],"predecessor-version":[{"id":2835,"href":"https:\/\/www.slijepi.hr\/index.php?rest_route=\/wp\/v2\/pages\/35\/revisions\/2835"}],"wp:attachment":[{"href":"https:\/\/www.slijepi.hr\/index.php?rest_route=%2Fwp%2Fv2%2Fmedia&parent=35"}],"curies":[{"name":"wp","href":"https:\/\/api.w.org\/{rel}","templated":true}]}}