{"id":55,"date":"2015-07-30T11:21:57","date_gmt":"2015-07-30T11:21:57","guid":{"rendered":"http:\/\/localhost\/wordpress\/?page_id=55"},"modified":"2017-07-21T06:25:52","modified_gmt":"2017-07-21T06:25:52","slug":"projekti","status":"publish","type":"page","link":"https:\/\/www.slijepi.hr\/?page_id=55","title":{"rendered":"Projekti"},"content":{"rendered":"<h4>Projekti i programi koje provodimo:<\/h4>\n<h6><a href=\"http:\/\/vidjeti-tudim-ocima.eu\/\">&#8220;Vidjeti tu\u0111im o\u010dima&#8221;<\/a><\/h6>\n<h6>\u00a0\u201eSnagom znanja, da razlika bude manja\u201c<\/h6>\n<p style=\"text-align: justify;\">Projekt \u201eSnagom znanja, da razlika bude manja\u201c financiran od Europske unije iz Europskog socijalnog fonda i Dr\u017eavnog prora\u010duna Republike Hrvatske. Nositelj projekta je Udruga slijepih Vara\u017edinske \u017eupanije. Udruga slijepih Po\u017ee\u0161ko &#8211; slavonske \u017eupanije je partner na projektu, zajedno, Medicinskom \u0161kolom Vara\u017edin, Srednjom \u0161kolom Pakrac i Hrvatskim savezom slijepih iz Zagreba. <a href=\"http:\/\/www.slijepi.hr\/?page_id=63\"><strong>Vi\u0161e o projektu &gt;&gt;<\/strong><\/a><\/p>\n<hr \/>\n<h6 style=\"text-align: justify;\"><span style=\"color: #000000;\">&#8220;Za bolje sutra&#8221;<\/span><\/h6>\n<p style=\"text-align: justify;\">Udruga slijepih Po\u017ee\u0161ko &#8211; slavonske \u017eupanije sudjeluje u aktivnostima projekta \u010diji je nositelj Hrvatski savez slijepih \u201eZa bolje sutra: Ja\u010danje sposobnosti organizacija civilnoga dru\u0161tva za pru\u017eanje socijalnih usluga\u201c u ukupnom trajanju od 14 mjeseci, s ciljem unapre\u0111enja kapaciteta Saveza i svih temeljnih udruga \u010dlanica za pru\u017eanje kvalitetnih socijalnih usluga osobama s o\u0161te\u0107enjem vida. <strong><a href=\"http:\/\/www.slijepi.hr\/?page_id=71\">Vi\u0161e o projektu &gt;&gt;<\/a><\/strong><\/p>\n<hr \/>\n<p style=\"text-align: justify;\"><strong>&#8220;Vide\u0107i pratitelj&#8221;<\/strong><\/p>\n<p style=\"text-align: justify;\">Udruga slijepih Po\u017ee\u0161ko &#8211; slavonske \u017eupanije provodi trogodi\u0161nji program Ministarstva socijalne politike i mladih &#8211; pru\u017eanje usluga asistencije za osobe s invaliditetom. <strong><a href=\"http:\/\/www.slijepi.hr\/?page_id=86\">Vi\u0161e o programu &gt;&gt;<\/a><\/strong><\/p>\n","protected":false},"excerpt":{"rendered":"<p>Projekti i programi koje provodimo: &#8220;Vidjeti tu\u0111im o\u010dima&#8221; \u00a0\u201eSnagom znanja, da razlika bude manja\u201c Projekt \u201eSnagom znanja, da razlika bude manja\u201c financiran od Europske unije iz Europskog socijalnog fonda i Dr\u017eavnog prora\u010duna Republike Hrvatske. Nositelj projekta je Udruga slijepih Vara\u017edinske \u017eupanije. Udruga slijepih Po\u017ee\u0161ko &#8211; slavonske \u017eupanije je partner na projektu, zajedno, Medicinskom \u0161kolom Vara\u017edin, &hellip; <a href=\"https:\/\/www.slijepi.hr\/?page_id=55\" class=\"more-link\">Nastavi \u010ditati <span class=\"screen-reader-text\">Projekti<\/span> <span class=\"meta-nav\">&rarr;<\/span><\/a><\/p>\n","protected":false},"author":1,"featured_media":0,"parent":0,"menu_order":0,"comment_status":"closed","ping_status":"closed","template":"","meta":{"footnotes":""},"class_list":["post-55","page","type-page","status-publish","hentry"],"_links":{"self":[{"href":"https:\/\/www.slijepi.hr\/index.php?rest_route=\/wp\/v2\/pages\/55","targetHints":{"allow":["GET"]}}],"collection":[{"href":"https:\/\/www.slijepi.hr\/index.php?rest_route=\/wp\/v2\/pages"}],"about":[{"href":"https:\/\/www.slijepi.hr\/index.php?rest_route=\/wp\/v2\/types\/page"}],"author":[{"embeddable":true,"href":"https:\/\/www.slijepi.hr\/index.php?rest_route=\/wp\/v2\/users\/1"}],"replies":[{"embeddable":true,"href":"https:\/\/www.slijepi.hr\/index.php?rest_route=%2Fwp%2Fv2%2Fcomments&post=55"}],"version-history":[{"count":16,"href":"https:\/\/www.slijepi.hr\/index.php?rest_route=\/wp\/v2\/pages\/55\/revisions"}],"predecessor-version":[{"id":421,"href":"https:\/\/www.slijepi.hr\/index.php?rest_route=\/wp\/v2\/pages\/55\/revisions\/421"}],"wp:attachment":[{"href":"https:\/\/www.slijepi.hr\/index.php?rest_route=%2Fwp%2Fv2%2Fmedia&parent=55"}],"curies":[{"name":"wp","href":"https:\/\/api.w.org\/{rel}","templated":true}]}}