{"id":86,"date":"2015-08-27T11:36:46","date_gmt":"2015-08-27T11:36:46","guid":{"rendered":"http:\/\/localhost\/wordpress\/?page_id=86"},"modified":"2015-08-27T12:10:17","modified_gmt":"2015-08-27T12:10:17","slug":"videci-pratitelj","status":"publish","type":"page","link":"https:\/\/www.slijepi.hr\/?page_id=86","title":{"rendered":"Vide\u0107i pratitelj"},"content":{"rendered":"<p><strong>Donator:<\/strong> Ministarstvo socijalne politike i mladih<\/p>\n<p><strong>Partneri na programu:<\/strong> Hrvatski savez slijepih; Hrvatski zavod za zapo\u0161ljavanje; Caritas; Crveni kri\u017e<\/p>\n<p><strong>Iznos programa:<\/strong> 55.488,00 kn godi\u0161nje; Ukupno 166.464,00 kn<\/p>\n<p><strong>Vrijeme provedbe:<\/strong> 2013. &#8211; 2015.<\/p>\n<p>Ovim trogodi\u0161njim programom predvi\u0111ene su slijede\u0107e aktivnosti:<\/p>\n<p style=\"text-align: justify;\">Voditelj programa sa\u010dinit \u0107e procjenu potreba korisnika za socijalnim uslugama, organizirati vide\u0107u pratnju za \u010dlanove, voditi \u0107e predvi\u0111enu evidenciju o uslugama, pru\u017eati \u0107e zajedno s izvoditeljem programa informacije o zakonskim pravima i mogu\u0107nostima, i socijalnim uslugama koje se nude korisnicima.<\/p>\n<p style=\"text-align: justify;\">Izvoditelj &#8211; vide\u0107i pratitelj obavljat \u0107e slijede\u0107e aktivnosti i usluge:<\/p>\n<p style=\"text-align: justify;\">Posredovati \u0107e pri izdavanju potvrda i isho\u0111enju istih, naru\u010divanje, pratnja prilikom posjeta lije\u010dniku, u dr\u017eavne institucije radi pribavljanja potvrda, uvjerenja i sl., pomo\u0107 pri kori\u0161tenju ra\u010dunala i sportske opreme, pomo\u0107 pri nabavljanju potrep\u0161tina, po\u0161tanskih, bankovnih i drugih usluga, obuka u vje\u0161tinama i pomo\u0107 pri snala\u017eenju i obavljanju ku\u0107anskih poslova, pomo\u0107 i pratnja prilikom kulturnih, zabavnih i sli\u010dnih potreba. Pomo\u0107 i pratnja pru\u017eat \u0107e se u mjestu stanovanja, a po potrebi \u0107e vide\u0107i pratitelj pru\u017eati uslugu vide\u0107e asistencije od mjesta stanovanja do institucije gdje se usluga obavlja.<\/p>\n","protected":false},"excerpt":{"rendered":"<p>Donator: Ministarstvo socijalne politike i mladih Partneri na programu: Hrvatski savez slijepih; Hrvatski zavod za zapo\u0161ljavanje; Caritas; Crveni kri\u017e Iznos programa: 55.488,00 kn godi\u0161nje; Ukupno 166.464,00 kn Vrijeme provedbe: 2013. &#8211; 2015. Ovim trogodi\u0161njim programom predvi\u0111ene su slijede\u0107e aktivnosti: Voditelj programa sa\u010dinit \u0107e procjenu potreba korisnika za socijalnim uslugama, organizirati vide\u0107u pratnju za \u010dlanove, voditi &hellip; <a href=\"https:\/\/www.slijepi.hr\/?page_id=86\" class=\"more-link\">Nastavi \u010ditati <span class=\"screen-reader-text\">Vide\u0107i pratitelj<\/span> <span class=\"meta-nav\">&rarr;<\/span><\/a><\/p>\n","protected":false},"author":1,"featured_media":0,"parent":0,"menu_order":0,"comment_status":"closed","ping_status":"closed","template":"","meta":{"footnotes":""},"class_list":["post-86","page","type-page","status-publish","hentry"],"_links":{"self":[{"href":"https:\/\/www.slijepi.hr\/index.php?rest_route=\/wp\/v2\/pages\/86","targetHints":{"allow":["GET"]}}],"collection":[{"href":"https:\/\/www.slijepi.hr\/index.php?rest_route=\/wp\/v2\/pages"}],"about":[{"href":"https:\/\/www.slijepi.hr\/index.php?rest_route=\/wp\/v2\/types\/page"}],"author":[{"embeddable":true,"href":"https:\/\/www.slijepi.hr\/index.php?rest_route=\/wp\/v2\/users\/1"}],"replies":[{"embeddable":true,"href":"https:\/\/www.slijepi.hr\/index.php?rest_route=%2Fwp%2Fv2%2Fcomments&post=86"}],"version-history":[{"count":2,"href":"https:\/\/www.slijepi.hr\/index.php?rest_route=\/wp\/v2\/pages\/86\/revisions"}],"predecessor-version":[{"id":89,"href":"https:\/\/www.slijepi.hr\/index.php?rest_route=\/wp\/v2\/pages\/86\/revisions\/89"}],"wp:attachment":[{"href":"https:\/\/www.slijepi.hr\/index.php?rest_route=%2Fwp%2Fv2%2Fmedia&parent=86"}],"curies":[{"name":"wp","href":"https:\/\/api.w.org\/{rel}","templated":true}]}}