{"id":96,"date":"2015-08-27T12:38:50","date_gmt":"2015-08-27T12:38:50","guid":{"rendered":"http:\/\/localhost\/wordpress\/?page_id=96"},"modified":"2026-02-05T12:02:14","modified_gmt":"2026-02-05T12:02:14","slug":"dokumenti","status":"publish","type":"page","link":"https:\/\/www.slijepi.hr\/?page_id=96","title":{"rendered":"Dokumenti"},"content":{"rendered":"\n<p><\/p>\n\n\n\n<p><\/p>\n\n\n\n<div class=\"wp-block-file\"><a href=\"https:\/\/www.slijepi.hr\/wp-content\/uploads\/2024\/06\/Operativni-plan-2024-2.pdf\">Operativni-plan-2024-2<\/a><a href=\"https:\/\/www.slijepi.hr\/wp-content\/uploads\/2024\/06\/Operativni-plan-2024-2.pdf\" class=\"wp-block-file__button wp-element-button\" download>Preuzmi<\/a><\/div>\n\n\n<h4><a href=\"http:\/\/www.slijepi.hr\/wp-content\/uploads\/2017\/10\/Statut-Udruge-2015OCR.pdf\">Statut<\/a><\/h4>\n<h4><a href=\"http:\/\/www.slijepi.hr\/wp-content\/uploads\/2015\/09\/Brosura-60-godina-rada.pdf\" target=\"_blank\" rel=\"noopener noreferrer\">Bro\u0161ura &#8220;60 godina rada udruge slijepih&#8221;<\/a><\/h4>\n<h4><a href=\"http:\/\/www.slijepi.hr\/wp-content\/uploads\/2015\/08\/Izvje\u0161\u0107e-o-radu-2014.pdf\" target=\"_blank\" rel=\"noopener noreferrer\">Izvje\u0161\u0107e o radu 2014<\/a><\/h4>\n<h4><a href=\"http:\/\/www.slijepi.hr\/wp-content\/uploads\/2016\/08\/Izvje\u0161\u0107e-o-radu-2015.pdf\">Izvje\u0161\u0107e o radu 2015<\/a><\/h4>\n<h4><a href=\"http:\/\/www.slijepi.hr\/wp-content\/uploads\/2016\/08\/Financijski-plan-2016.pdf\">Financijski plan 2016<\/a><\/h4>\n<h4><a href=\"http:\/\/www.slijepi.hr\/wp-content\/uploads\/2016\/08\/Program-rada-za-2016.pdf\">Program rada za 2016<\/a><\/h4>\n<h4><a href=\"http:\/\/www.slijepi.hr\/wp-content\/uploads\/2016\/08\/Strate\u0161ki-plan-2016-2020.pdf\">Strate\u0161ki plan 2016 &#8211; 2020<\/a><\/h4>\n<h4><span style=\"color: #993300;\"><a style=\"color: #993300;\" href=\"http:\/\/www.slijepi.hr\/wp-content\/uploads\/2015\/08\/Operativni-plan-2017.pdf\">Operativni plan 2017<\/a><\/span><\/h4>\n<h4><a href=\"http:\/\/www.slijepi.hr\/wp-content\/uploads\/2017\/08\/Financijski-plan-2017.pdf\">Financijski plan 2017 <\/a><\/h4>\n<h4><a href=\"http:\/\/www.slijepi.hr\/wp-content\/uploads\/2020\/10\/Izvjesce-o-radu-za-2019.godinu.pdf\">Izvje\u0161\u0107e o radu 2019<\/a><\/h4>\n<h4><a href=\"http:\/\/www.slijepi.hr\/wp-content\/uploads\/2020\/10\/Financijski-izvjestaj-2019.pdf\">Financijski izvje\u0161taj za 2019 godinu<\/a><\/h4>\n<h4><a href=\"http:\/\/www.slijepi.hr\/wp-content\/uploads\/2020\/10\/Izvjesce-neovisnog-revizora-o-revizorskom-uvidu-u-financijske-izvjestaje-2019.pdf\">Izvje\u0161\u0107e neovisnog revizora o revizorskom uvidu u financijske izvje\u0161taje 2019<\/a>\u00a0<\/h4>\n<h4><a href=\"http:\/\/www.slijepi.hr\/wp-content\/uploads\/2021\/03\/izvjestaj-o-radu-2020.g..pdf\" target=\"_blank\" rel=\"noopener noreferrer\">Izvje\u0161taj o radu za 2020. godinu<\/a><\/h4>\n<h4><a href=\"http:\/\/www.slijepi.hr\/wp-content\/uploads\/2021\/03\/financijski-izvjestaj-2020.pdf\" target=\"_blank\" rel=\"noopener noreferrer\">Financijski izvje\u0161taj za 2020. godinu<\/a><\/h4>\n<h4><a href=\"http:\/\/www.slijepi.hr\/wp-content\/uploads\/2021\/03\/financijski-plan-2021..pdf\" target=\"_blank\" rel=\"noopener noreferrer\">Financijski plan za 2021. godinu<\/a><\/h4>\n<h4><a href=\"http:\/\/www.slijepi.hr\/wp-content\/uploads\/2021\/03\/operativni-plan-2021..pdf\" target=\"_blank\" rel=\"noopener noreferrer\">Operativni plan za 2021. godinu<\/a><\/h4>\n<h4><a href=\"http:\/\/www.slijepi.hr\/wp-content\/uploads\/2021\/03\/program-rada-2021.g..pdf\" target=\"_blank\" rel=\"noopener noreferrer\">Program rada za 2021. godinu<\/a><\/h4>\n<h4><a href=\"http:\/\/www.slijepi.hr\/wp-content\/uploads\/2021\/03\/strateski-plan-2021.-2025..pdf\" target=\"_blank\" rel=\"noopener noreferrer\">Strate\u0161ki plan za 2021.-2025. godinu<\/a><\/h4>\n<\/p>\n<h4>\u00a0<\/h4>\n<\/p>\n\n\n<div class=\"wp-block-file\"><a href=\"https:\/\/www.slijepi.hr\/wp-content\/uploads\/2024\/06\/6.-Financijski-plan-za-2024-1.pdf\">6.-Financijski-plan-za-2024-1<\/a><a href=\"https:\/\/www.slijepi.hr\/wp-content\/uploads\/2024\/06\/6.-Financijski-plan-za-2024-1.pdf\" class=\"wp-block-file__button wp-element-button\" download>Preuzmi<\/a><\/div>\n\n\n\n<p><\/p>\n\n\n\n<div data-wp-interactive=\"core\/file\" class=\"wp-block-file\"><object data-wp-bind--hidden=\"!state.hasPdfPreview\" hidden class=\"wp-block-file__embed\" data=\"https:\/\/www.slijepi.hr\/wp-content\/uploads\/2025\/01\/Financijski-plan-za-2025.g.pdf\" type=\"application\/pdf\" style=\"width:100%;height:600px\" aria-label=\"Ugra\u0111eno Financijski plan za 2025.g..\"><\/object><a id=\"wp-block-file--media-9b2b4359-389e-4e94-9709-b2ce3de7940b\" href=\"https:\/\/www.slijepi.hr\/wp-content\/uploads\/2025\/01\/Financijski-plan-za-2025.g.pdf\">Financijski plan za 2025.g.<\/a><a href=\"https:\/\/www.slijepi.hr\/wp-content\/uploads\/2025\/01\/Financijski-plan-za-2025.g.pdf\" class=\"wp-block-file__button wp-element-button\" download aria-describedby=\"wp-block-file--media-9b2b4359-389e-4e94-9709-b2ce3de7940b\">Preuzmi<\/a><\/div>\n\n\n\n<div data-wp-interactive=\"core\/file\" class=\"wp-block-file\"><object data-wp-bind--hidden=\"!state.hasPdfPreview\" hidden class=\"wp-block-file__embed\" data=\"https:\/\/www.slijepi.hr\/wp-content\/uploads\/2025\/01\/Operativni-plan-za-2025.g.pdf\" type=\"application\/pdf\" style=\"width:100%;height:600px\" aria-label=\"Ugra\u0111eno Operativni plan za 2025.g..\"><\/object><a id=\"wp-block-file--media-d883f6b3-97f5-47cb-ae28-568d9440bb52\" href=\"https:\/\/www.slijepi.hr\/wp-content\/uploads\/2025\/01\/Operativni-plan-za-2025.g.pdf\">Operativni plan za 2025.g.<\/a><a href=\"https:\/\/www.slijepi.hr\/wp-content\/uploads\/2025\/01\/Operativni-plan-za-2025.g.pdf\" class=\"wp-block-file__button wp-element-button\" download aria-describedby=\"wp-block-file--media-d883f6b3-97f5-47cb-ae28-568d9440bb52\">Preuzmi<\/a><\/div>\n\n\n\n<div data-wp-interactive=\"core\/file\" class=\"wp-block-file\"><object data-wp-bind--hidden=\"!state.hasPdfPreview\" hidden class=\"wp-block-file__embed\" data=\"https:\/\/www.slijepi.hr\/wp-content\/uploads\/2025\/01\/Godisnji-program-rada-za-2025.g.pdf\" type=\"application\/pdf\" style=\"width:100%;height:600px\" aria-label=\"Ugra\u0111eno Godi\u0161nji program rada za 2025.g..\"><\/object><a id=\"wp-block-file--media-1c4ea2f9-d7f9-40c8-8c6f-d3d8bd467682\" href=\"https:\/\/www.slijepi.hr\/wp-content\/uploads\/2025\/01\/Godisnji-program-rada-za-2025.g.pdf\">Godi\u0161nji program rada za 2025.g.<\/a><a href=\"https:\/\/www.slijepi.hr\/wp-content\/uploads\/2025\/01\/Godisnji-program-rada-za-2025.g.pdf\" class=\"wp-block-file__button wp-element-button\" download aria-describedby=\"wp-block-file--media-1c4ea2f9-d7f9-40c8-8c6f-d3d8bd467682\">Preuzmi<\/a><\/div>\n\n\n\n<div data-wp-interactive=\"core\/file\" class=\"wp-block-file\"><object data-wp-bind--hidden=\"!state.hasPdfPreview\" hidden class=\"wp-block-file__embed\" data=\"https:\/\/www.slijepi.hr\/wp-content\/uploads\/2025\/04\/Izvjesce-o-radu_2024.pdf\" type=\"application\/pdf\" style=\"width:100%;height:600px\" aria-label=\"Ugra\u0111eno Izvje\u0161\u0107e o radu_2024.\"><\/object><a id=\"wp-block-file--media-c627a80f-85e3-43ce-bc75-05f26e590dc4\" href=\"https:\/\/www.slijepi.hr\/wp-content\/uploads\/2025\/04\/Izvjesce-o-radu_2024.pdf\">Izvje\u0161\u0107e o radu_2024<\/a><a href=\"https:\/\/www.slijepi.hr\/wp-content\/uploads\/2025\/04\/Izvjesce-o-radu_2024.pdf\" class=\"wp-block-file__button wp-element-button\" download aria-describedby=\"wp-block-file--media-c627a80f-85e3-43ce-bc75-05f26e590dc4\">Preuzmi<\/a><\/div>\n\n\n\n<div data-wp-interactive=\"core\/file\" class=\"wp-block-file\"><object data-wp-bind--hidden=\"!state.hasPdfPreview\" hidden class=\"wp-block-file__embed\" data=\"https:\/\/www.slijepi.hr\/wp-content\/uploads\/2025\/04\/Financijsko-izvjesce_2024.pdf\" type=\"application\/pdf\" style=\"width:100%;height:600px\" aria-label=\"Ugra\u0111eno Financijsko izvje\u0161\u0107e_2024.\"><\/object><a id=\"wp-block-file--media-02e2443f-cf00-4064-a915-a99df1d16d40\" href=\"https:\/\/www.slijepi.hr\/wp-content\/uploads\/2025\/04\/Financijsko-izvjesce_2024.pdf\">Financijsko izvje\u0161\u0107e_2024<\/a><a href=\"https:\/\/www.slijepi.hr\/wp-content\/uploads\/2025\/04\/Financijsko-izvjesce_2024.pdf\" class=\"wp-block-file__button wp-element-button\" download aria-describedby=\"wp-block-file--media-02e2443f-cf00-4064-a915-a99df1d16d40\">Preuzmi<\/a><\/div>\n\n\n\n<div data-wp-interactive=\"core\/file\" class=\"wp-block-file\"><object data-wp-bind--hidden=\"!state.hasPdfPreview\" hidden class=\"wp-block-file__embed\" data=\"https:\/\/www.slijepi.hr\/wp-content\/uploads\/2026\/02\/Financijski-plan-Udruge-slijepih-GPPSZ_2026.pdf\" type=\"application\/pdf\" style=\"width:100%;height:600px\" aria-label=\"Ugra\u0111eno Financijski plan Udruge slijepih GPPS\u017d_2026.\"><\/object><a id=\"wp-block-file--media-62035a17-f7fd-42fb-a61d-d43fab143723\" href=\"https:\/\/www.slijepi.hr\/wp-content\/uploads\/2026\/02\/Financijski-plan-Udruge-slijepih-GPPSZ_2026.pdf\">Financijski plan Udruge slijepih GPPS\u017d_2026<\/a><a href=\"https:\/\/www.slijepi.hr\/wp-content\/uploads\/2026\/02\/Financijski-plan-Udruge-slijepih-GPPSZ_2026.pdf\" class=\"wp-block-file__button wp-element-button\" download aria-describedby=\"wp-block-file--media-62035a17-f7fd-42fb-a61d-d43fab143723\">Preuzmi<\/a><\/div>\n\n\n\n<div data-wp-interactive=\"core\/file\" class=\"wp-block-file\"><object data-wp-bind--hidden=\"!state.hasPdfPreview\" hidden class=\"wp-block-file__embed\" data=\"https:\/\/www.slijepi.hr\/wp-content\/uploads\/2026\/02\/Operativni-plan-Udruge-slijepih-GPPSZ_2026.pdf\" type=\"application\/pdf\" style=\"width:100%;height:600px\" aria-label=\"Ugra\u0111eno Operativni plan Udruge slijepih GPPS\u017d_2026.\"><\/object><a id=\"wp-block-file--media-3e6b6559-cbdf-4598-8a56-1d5690f980f9\" href=\"https:\/\/www.slijepi.hr\/wp-content\/uploads\/2026\/02\/Operativni-plan-Udruge-slijepih-GPPSZ_2026.pdf\">Operativni plan Udruge slijepih GPPS\u017d_2026<\/a><a href=\"https:\/\/www.slijepi.hr\/wp-content\/uploads\/2026\/02\/Operativni-plan-Udruge-slijepih-GPPSZ_2026.pdf\" class=\"wp-block-file__button wp-element-button\" download aria-describedby=\"wp-block-file--media-3e6b6559-cbdf-4598-8a56-1d5690f980f9\">Preuzmi<\/a><\/div>\n\n\n\n<div data-wp-interactive=\"core\/file\" class=\"wp-block-file\"><object data-wp-bind--hidden=\"!state.hasPdfPreview\" hidden class=\"wp-block-file__embed\" data=\"https:\/\/www.slijepi.hr\/wp-content\/uploads\/2026\/02\/Program-rada-Udruge-slijepih-GPPSZ_2026.pdf\" type=\"application\/pdf\" style=\"width:100%;height:600px\" aria-label=\"Ugra\u0111eno Program rada Udruge slijepih GPPS\u017d_2026.\"><\/object><a id=\"wp-block-file--media-2152357b-7864-4aee-97b4-d7e6b38dde1f\" href=\"https:\/\/www.slijepi.hr\/wp-content\/uploads\/2026\/02\/Program-rada-Udruge-slijepih-GPPSZ_2026.pdf\">Program rada Udruge slijepih GPPS\u017d_2026<\/a><a href=\"https:\/\/www.slijepi.hr\/wp-content\/uploads\/2026\/02\/Program-rada-Udruge-slijepih-GPPSZ_2026.pdf\" class=\"wp-block-file__button wp-element-button\" download aria-describedby=\"wp-block-file--media-2152357b-7864-4aee-97b4-d7e6b38dde1f\">Preuzmi<\/a><\/div>\n\n\n\n<div data-wp-interactive=\"core\/file\" class=\"wp-block-file\"><object data-wp-bind--hidden=\"!state.hasPdfPreview\" hidden class=\"wp-block-file__embed\" data=\"https:\/\/www.slijepi.hr\/wp-content\/uploads\/2026\/02\/Strateski-plan-djelovanja-Udruge-slijepih-GPPSZ-2026_2030-1.pdf\" type=\"application\/pdf\" style=\"width:100%;height:600px\" aria-label=\"Ugra\u0111eno Strate\u0161ki plan djelovanja Udruge slijepih GPPS\u017d 2026_2030.\"><\/object><a id=\"wp-block-file--media-fb8155f5-f4fc-4312-ba86-2dc7f6cde9df\" href=\"https:\/\/www.slijepi.hr\/wp-content\/uploads\/2026\/02\/Strateski-plan-djelovanja-Udruge-slijepih-GPPSZ-2026_2030-1.pdf\">Strate\u0161ki plan djelovanja Udruge slijepih GPPS\u017d 2026_2030<\/a><a href=\"https:\/\/www.slijepi.hr\/wp-content\/uploads\/2026\/02\/Strateski-plan-djelovanja-Udruge-slijepih-GPPSZ-2026_2030-1.pdf\" class=\"wp-block-file__button wp-element-button\" download aria-describedby=\"wp-block-file--media-fb8155f5-f4fc-4312-ba86-2dc7f6cde9df\">Preuzmi<\/a><\/div>\n","protected":false},"excerpt":{"rendered":"<p>Statut Bro\u0161ura &#8220;60 godina rada udruge slijepih&#8221; Izvje\u0161\u0107e o radu 2014 Izvje\u0161\u0107e o radu 2015 Financijski plan 2016 Program rada za 2016 Strate\u0161ki plan 2016 &#8211; 2020 Operativni plan 2017 Financijski plan 2017 Izvje\u0161\u0107e o radu 2019 Financijski izvje\u0161taj za 2019 godinu Izvje\u0161\u0107e neovisnog revizora o revizorskom uvidu u financijske izvje\u0161taje 2019\u00a0 Izvje\u0161taj o radu &hellip; <a href=\"https:\/\/www.slijepi.hr\/?page_id=96\" class=\"more-link\">Nastavi \u010ditati <span class=\"screen-reader-text\">Dokumenti<\/span> <span class=\"meta-nav\">&rarr;<\/span><\/a><\/p>\n","protected":false},"author":1,"featured_media":0,"parent":0,"menu_order":0,"comment_status":"closed","ping_status":"closed","template":"","meta":{"footnotes":""},"class_list":["post-96","page","type-page","status-publish","hentry"],"_links":{"self":[{"href":"https:\/\/www.slijepi.hr\/index.php?rest_route=\/wp\/v2\/pages\/96","targetHints":{"allow":["GET"]}}],"collection":[{"href":"https:\/\/www.slijepi.hr\/index.php?rest_route=\/wp\/v2\/pages"}],"about":[{"href":"https:\/\/www.slijepi.hr\/index.php?rest_route=\/wp\/v2\/types\/page"}],"author":[{"embeddable":true,"href":"https:\/\/www.slijepi.hr\/index.php?rest_route=\/wp\/v2\/users\/1"}],"replies":[{"embeddable":true,"href":"https:\/\/www.slijepi.hr\/index.php?rest_route=%2Fwp%2Fv2%2Fcomments&post=96"}],"version-history":[{"count":43,"href":"https:\/\/www.slijepi.hr\/index.php?rest_route=\/wp\/v2\/pages\/96\/revisions"}],"predecessor-version":[{"id":2883,"href":"https:\/\/www.slijepi.hr\/index.php?rest_route=\/wp\/v2\/pages\/96\/revisions\/2883"}],"wp:attachment":[{"href":"https:\/\/www.slijepi.hr\/index.php?rest_route=%2Fwp%2Fv2%2Fmedia&parent=96"}],"curies":[{"name":"wp","href":"https:\/\/api.w.org\/{rel}","templated":true}]}}